{"id":312,"date":"2018-08-17T16:15:37","date_gmt":"2018-08-17T14:15:37","guid":{"rendered":"http:\/\/www.sejem-lov.si\/domov\/"},"modified":"2026-01-29T10:28:55","modified_gmt":"2026-01-29T09:28:55","slug":"domov-2","status":"publish","type":"page","link":"https:\/\/www.sejem-lov.si\/de\/","title":{"rendered":"Home"},"content":{"rendered":"<div  class=\"one withsmallpadding ppb_text\" style=\"text-align:left;padding:30px 0 30px 0;\" >\n<div class=\"standard_wrapper\">\n<div class=\"page_content_wrapper\">\n<div class=\"inner\">\n<div style=\"margin:auto;width:100%\">\n<p class=\"Default\" style=\"text-align: center;\"><span style=\"font-family: 'Gill Sans Nova',sans-serif;\">Willkommen auf der 13. Internationalen Messe f\u00fcr Jagd, Fischerei und Outdoor-Aktivit\u00e4ten in Gornja Radgona vom 5. bis 7. April 2024. Diese Messe mit ihrer reichen 20-j\u00e4hrigen Tradition l\u00e4dt Sie ein, attraktive Angebote f\u00fcr Jagd- und Fischereiausr\u00fcstung zu genie\u00dfen, verlockende Angebote f\u00fcr Naturerlebnisse und die feinste Kulinarik. F\u00fchrende Organisationen im Bereich Jagd, Fischerei, Tourismus und Naturschutz werden Fachpr\u00e4sentationen anbieten. Das Event verspricht eine ausgezeichnete Atmosph\u00e4re mit einem vielf\u00e4ltigen Programm.<\/span><\/p>\n<\/div>\n<\/div>\n<\/div>\n<\/div>\n<\/div>\n<div  class=\"one withsmallpadding ppb_text\" style=\"text-align:left;padding:30px 0 30px 0;\" >\n<div class=\"standard_wrapper\">\n<div class=\"page_content_wrapper\">\n<div class=\"inner\">\n<div style=\"margin:auto;width:100%\">\n<p class=\"Default\" style=\"text-align: center;\"><span style=\"font-family: 'Gill Sans Nova',sans-serif;\">Willkommen auf der 13. Internationalen Messe f\u00fcr Jagd, Fischerei und Outdoor-Aktivit\u00e4ten in Gornja Radgona vom 5. bis 7. April 2024. Diese Messe mit ihrer reichen 20-j\u00e4hrigen Tradition l\u00e4dt Sie ein, attraktive Angebote f\u00fcr Jagd- und Fischereiausr\u00fcstung zu genie\u00dfen, verlockende Angebote f\u00fcr Naturerlebnisse und die feinste Kulinarik. F\u00fchrende Organisationen im Bereich Jagd, Fischerei, Tourismus und Naturschutz werden Fachpr\u00e4sentationen anbieten. Das Event verspricht eine ausgezeichnete Atmosph\u00e4re mit einem vielf\u00e4ltigen Programm.<\/span><\/p>\n<\/div>\n<\/div>\n<\/div>\n<\/div>\n<\/div>\n<div  class=\"one withsmallpadding ppb_text\" style=\"text-align:left;padding:30px 0 30px 0;\" >\n<div class=\"standard_wrapper\">\n<div class=\"page_content_wrapper\">\n<div class=\"inner\">\n<div style=\"margin:auto;width:100%\">\n<h4 class=\"Default\" style=\"text-align: center;\"><span style=\"font-family: 'Gill Sans Nova',sans-serif;\">AUTO MOTO CLASSIC<\/span><\/h4>\n<p class=\"Default\" style=\"text-align: center;\"><span style=\"font-family: 'Gill Sans Nova',sans-serif;\">Internationale Ausstellung historischer Fahrzeuge &#8220;AUTO-MOTO CLASSIC&#8221;<br \/>\nAusstellungsveranstalter: SVS &#8211; Verband der Slowenischen Historischen Fahrzeugvereine und Pomurski sejem d.o.o.<\/span><\/p>\n<\/div>\n<\/div>\n<\/div>\n<\/div>\n<\/div>\n<div  class=\"one withsmallpadding ppb_text\" style=\"text-align:left;padding:30px 0 30px 0;\" >\n<div class=\"standard_wrapper\">\n<div class=\"page_content_wrapper\">\n<div class=\"inner\">\n<div style=\"margin:auto;width:100%\">\n<h4 class=\"Default\" style=\"text-align: center;\"><span style=\"font-family: 'Gill Sans Nova',sans-serif;\">AUTO MOTO CLASSIC<\/span><\/h4>\n<p class=\"Default\" style=\"text-align: center;\"><span style=\"font-family: 'Gill Sans Nova',sans-serif;\">Internationale Ausstellung historischer Fahrzeuge &#8220;AUTO-MOTO CLASSIC&#8221;<br \/>\nAusstellungsveranstalter: SVS &#8211; Verband der Slowenischen Historischen Fahrzeugvereine und Pomurski sejem d.o.o.<\/span><\/p>\n<\/div>\n<\/div>\n<\/div>\n<\/div>\n<\/div>\n<div  class=\"one withsmallpadding ppb_header \" style=\"text-align:left;padding:30px 0 30px 0;\" >\n<div class=\"standard_wrapper\">\n<div class=\"page_content_wrapper\">\n<div class=\"inner\">\n<div style=\"width:100%\">\n<h2 class=\"ppb_title\" style=\";text-align:left;\">MESSEDATEN 2024<\/h2>\n<\/div>\n<\/div>\n<\/div>\n<\/div>\n<\/div>\n<div  class=\"one withsmallpadding ppb_text\" style=\"text-align:left;padding:30px 0 30px 0;\" >\n<div class=\"standard_wrapper\">\n<div class=\"page_content_wrapper\">\n<div class=\"inner\">\n<div style=\"margin:auto;width:100%\">\n<div class=\"one_fourth \" style=\"padding:50px 10px 50px 10px;background:#000;color:#039836;border-radius:10px;\">\n<div class=\"animate_counter_wrapper\">\n<div id=\"17696789351080615840\" class=\"odometer\" style=\"font-size:70px;line-height:70px;color:#00722e\">0<\/div>\n<div class=\"count_separator\"><span><\/span><\/div>\n<div class=\"counter_subject\">AUSSTELLERZAHL<\/div>\n<\/div>\n<\/div>\n<div class=\"one_fourth \" style=\"padding:50px 10px 50px 10px;background:#000;color:#039836;border-radius:10px;\">\n<div class=\"animate_counter_wrapper\">\n<div id=\"17696789351537887083\" class=\"odometer\" style=\"font-size:70px;line-height:70px;color:#00722e\">0<\/div>\n<div class=\"count_separator\"><span><\/span><\/div>\n<div class=\"counter_subject\">ZAHL DER TEILNEHMENDEN L\u00c4NDER<\/div>\n<\/div>\n<\/div>\n<div class=\"one_fourth \" style=\"padding:50px 10px 50px 10px;background:#000;color:#039836;border-radius:10px;\">\n<div class=\"animate_counter_wrapper\">\n<div id=\"17696789351378412783\" class=\"odometer\" style=\"font-size:70px;line-height:70px;color:#00722e\">0<\/div>\n<div class=\"count_separator\"><span><\/span><\/div>\n<div class=\"counter_subject\">m<sup>2<\/sup> AUSSTELLUNGSFL\u00c4CHE INSGESAMT<\/div>\n<\/div>\n<\/div>\n<div class=\"one_fourth last \" style=\"padding:50px 10px 50px 10px;background:#000;color:#039836;border-radius:10px;\">\n<div class=\"animate_counter_wrapper\">\n<div id=\"1769678935139071930\" class=\"odometer\" style=\"font-size:70px;line-height:70px;color:#00722e\">0<\/div>\n<div class=\"count_separator\"><span><\/span><\/div>\n<div class=\"counter_subject\">BESUCHERZAHL<\/div>\n<\/div>\n<\/div>\n<p><br class=\"clear\"\/><\/p>\n<\/div>\n<\/div>\n<\/div>\n<\/div>\n<\/div>\n<div  class=\"one withsmallpadding ppb_text\" style=\"text-align:left;padding:30px 0 30px 0;\" >\n<div class=\"standard_wrapper\">\n<div class=\"page_content_wrapper\">\n<div class=\"inner\">\n<div style=\"margin:auto;width:100%\">\n<p><a name=\"kontakt\"><\/a><\/p>\n<\/div>\n<\/div>\n<\/div>\n<\/div>\n<\/div>\n<div  class=\"one withsmallpadding ppb_header \" style=\"text-align:left;padding:30px 0 30px 0;\" >\n<div class=\"standard_wrapper\">\n<div class=\"page_content_wrapper\">\n<div class=\"inner\">\n<div style=\"width:100%\">\n<h2 class=\"ppb_title\" style=\";text-align:left;\">Anreise<\/h2>\n<div class=\"ppb_header_content\">\n<p><iframe style=\"border: 0;\" src=\"https:\/\/www.google.com\/maps\/embed?pb=!1m18!1m12!1m3!1d10951.112147825694!2d15.995696149999999!3d46.6706432!2m3!1f0!2f0!3f0!3m2!1i1024!2i768!4f13.1!3m3!1m2!1s0x476f148089d101b1%3A0xe00b202fbaa42fee!2sPomurski+sejem+d.d.!5e0!3m2!1ssl!2ssi!4v1528456713475\" width=\"100%\" height=\"450\" frameborder=\"0\" allowfullscreen=\"allowfullscreen\"><\/iframe><\/p>\n<\/div>\n<\/div>\n<\/div>\n<\/div>\n<\/div>\n<\/div>\n","protected":false},"excerpt":{"rendered":"<p>Willkommen auf der 13. Internationalen Messe f\u00fcr Jagd, Fischerei und Outdoor-Aktivit\u00e4ten in Gornja Radgona vom 5. bis 7. April 2024. Diese Messe mit ihrer reichen 20-j\u00e4hrigen Tradition l\u00e4dt Sie ein, attraktive Angebote f\u00fcr Jagd- und Fischereiausr\u00fcstung zu genie\u00dfen, verlockende Angebote [&hellip;]<\/p>\n","protected":false},"author":1,"featured_media":0,"parent":0,"menu_order":55,"comment_status":"closed","ping_status":"closed","template":"","meta":{"footnotes":"","_links_to":"","_links_to_target":""},"class_list":["post-312","page","type-page","status-publish","hentry"],"_links":{"self":[{"href":"https:\/\/www.sejem-lov.si\/de\/wp-json\/wp\/v2\/pages\/312","targetHints":{"allow":["GET"]}}],"collection":[{"href":"https:\/\/www.sejem-lov.si\/de\/wp-json\/wp\/v2\/pages"}],"about":[{"href":"https:\/\/www.sejem-lov.si\/de\/wp-json\/wp\/v2\/types\/page"}],"author":[{"embeddable":true,"href":"https:\/\/www.sejem-lov.si\/de\/wp-json\/wp\/v2\/users\/1"}],"replies":[{"embeddable":true,"href":"https:\/\/www.sejem-lov.si\/de\/wp-json\/wp\/v2\/comments?post=312"}],"version-history":[{"count":6,"href":"https:\/\/www.sejem-lov.si\/de\/wp-json\/wp\/v2\/pages\/312\/revisions"}],"predecessor-version":[{"id":2840,"href":"https:\/\/www.sejem-lov.si\/de\/wp-json\/wp\/v2\/pages\/312\/revisions\/2840"}],"wp:attachment":[{"href":"https:\/\/www.sejem-lov.si\/de\/wp-json\/wp\/v2\/media?parent=312"}],"curies":[{"name":"wp","href":"https:\/\/api.w.org\/{rel}","templated":true}]}}