{"id":1081,"date":"2020-12-01T10:49:46","date_gmt":"2020-12-01T09:49:46","guid":{"rendered":"https:\/\/www.sejem-lov.si\/projektni-tim\/"},"modified":"2023-10-02T13:45:44","modified_gmt":"2023-10-02T11:45:44","slug":"project-team","status":"publish","type":"page","link":"https:\/\/www.sejem-lov.si\/en\/for-exhibitors\/project-team\/","title":{"rendered":"Project team"},"content":{"rendered":"<div  class=\"one withsmallpadding ppb_text\" style=\"text-align:left;padding:30px 0 30px 0;\" >\n<div class=\"standard_wrapper\">\n<div class=\"page_content_wrapper\">\n<div class=\"inner\">\n<div style=\"margin:auto;width:100%\">\n<p><strong>Information:<\/strong><\/p>\n<p><strong>Boris Nicolas Erjavec<\/strong><br \/>\nExecutive Director<br \/>\nT: +386 (0)2 5642 115<br \/>\nE: <a href=\"mailto:boris.erjavec@pomurski-sejem.si\">boris.erjavec@pomurski-sejem.si<\/a><\/p>\n<p><strong>Jana Dimec<\/strong><br \/>\n<span style=\"color: #666666;\">Project Manager<\/span> Fair LOV<br \/>\nT: +386 (0)2 5642 108<br \/>\nE: <a href=\"mailto:jana.dimec@pomurski-sejem.si\">jana.dimec@pomurski-sejem.si<\/a><\/p>\n<p><strong>Sta\u0161 Suki\u010d<\/strong><br \/>\nProject Manager fair RIBOLOV<br \/>\nT: +386 (0)2 5642 110<br \/>\nE: <a href=\"mailto:stas@pomurski-sejem.si\">stas@pomurski-sejem.si<\/a><\/p>\n<p><strong>Miran Mate<\/strong><br \/>\nProject Manager<br \/>\nM: +386 (0)41 263 107<br \/>\nE: <a href=\"mailto:miran.mate@pomurski-sejem.si\">miran.mate@pomurski-sejem.si<\/a><\/p>\n<p><strong>Representations:<\/strong><\/p>\n<p><strong>Austria<\/strong><br \/>\nDr. Alexander Majcan<br \/>\nEmmenstrasse 24<br \/>\n8490 Bad Radkersburg<br \/>\nT: +43 690 1002 3539<br \/>\nE: alexander.majcan@gmx.at<\/p>\n<p><strong>Hungary<\/strong><br \/>\nMac-Line Hungary Ltd.<br \/>\n1 93 Felszabadul\u00e1s Str.<br \/>\nR\u00f6szke H-6758<br \/>\nT\/F: +36 62 430 861<br \/>\nE: office@macline.hu<br \/>\nwww.macline.hu<\/p>\n<p><strong>Croatia<\/strong><br \/>\nManox d.o.o.<br \/>\nMarjan Novak<br \/>\nPu\u0161\u0107ine, \u010cakove\u010dka 79<br \/>\n40305 Nedeli\u0161\u0107e<br \/>\nT: +385 0 98 241 952<br \/>\nT\/F: +385 0 40 895 196<br \/>\nE: manox@manox.hr<\/p>\n<p><strong>Slovakia<\/strong><br \/>\n\u0160tefan Kun\u010dak<br \/>\nPlzenska 4<br \/>\n83103 Bratislava 3<br \/>\nT: +421 907 729 407<br \/>\nE: skuncak@gmail.com<\/p>\n<p><strong>Italy<\/strong><br \/>\nTURISMO srl<br \/>\nViale S. Marco, 58<br \/>\n30020 Venezia Italia<br \/>\nT:+39 377 2394638<br \/>\nE: fiera.radgona@gmail.com<br \/>\nwww.turismosrl.it<\/p>\n<\/div>\n<\/div>\n<\/div>\n<\/div>\n<\/div>\n","protected":false},"excerpt":{"rendered":"<p>Information: Boris Nicolas Erjavec Executive Director T: +386 (0)2 5642 115 E: boris.erjavec@pomurski-sejem.si Jana Dimec Project Manager Fair LOV T: +386 (0)2 5642 108 E: jana.dimec@pomurski-sejem.si Sta\u0161 Suki\u010d Project Manager fair RIBOLOV T: +386 (0)2 5642 110 E: stas@pomurski-sejem.si Miran [&hellip;]<\/p>\n","protected":false},"author":2,"featured_media":1017,"parent":1067,"menu_order":26,"comment_status":"closed","ping_status":"closed","template":"","meta":{"footnotes":"","_links_to":"","_links_to_target":""},"class_list":["post-1081","page","type-page","status-publish","has-post-thumbnail","hentry"],"_links":{"self":[{"href":"https:\/\/www.sejem-lov.si\/en\/wp-json\/wp\/v2\/pages\/1081","targetHints":{"allow":["GET"]}}],"collection":[{"href":"https:\/\/www.sejem-lov.si\/en\/wp-json\/wp\/v2\/pages"}],"about":[{"href":"https:\/\/www.sejem-lov.si\/en\/wp-json\/wp\/v2\/types\/page"}],"author":[{"embeddable":true,"href":"https:\/\/www.sejem-lov.si\/en\/wp-json\/wp\/v2\/users\/2"}],"replies":[{"embeddable":true,"href":"https:\/\/www.sejem-lov.si\/en\/wp-json\/wp\/v2\/comments?post=1081"}],"version-history":[{"count":5,"href":"https:\/\/www.sejem-lov.si\/en\/wp-json\/wp\/v2\/pages\/1081\/revisions"}],"predecessor-version":[{"id":2368,"href":"https:\/\/www.sejem-lov.si\/en\/wp-json\/wp\/v2\/pages\/1081\/revisions\/2368"}],"up":[{"embeddable":true,"href":"https:\/\/www.sejem-lov.si\/en\/wp-json\/wp\/v2\/pages\/1067"}],"wp:featuredmedia":[{"embeddable":true,"href":"https:\/\/www.sejem-lov.si\/en\/wp-json\/wp\/v2\/media\/1017"}],"wp:attachment":[{"href":"https:\/\/www.sejem-lov.si\/en\/wp-json\/wp\/v2\/media?parent=1081"}],"curies":[{"name":"wp","href":"https:\/\/api.w.org\/{rel}","templated":true}]}}